{"id":2450,"date":"2021-12-09T10:59:27","date_gmt":"2021-12-09T10:59:27","guid":{"rendered":"https:\/\/praxis-marina-kirsch.de\/?page_id=2450"},"modified":"2023-02-15T10:35:34","modified_gmt":"2023-02-15T10:35:34","slug":"private-leistungen","status":"publish","type":"page","link":"https:\/\/praxis-marina-kirsch.de\/?page_id=2450","title":{"rendered":"Private Leistungen"},"content":{"rendered":"\t\t<div data-elementor-type=\"wp-page\" data-elementor-id=\"2450\" class=\"elementor elementor-2450\" data-elementor-settings=\"[]\">\n\t\t\t\t\t\t\t<div class=\"elementor-section-wrap\">\n\t\t\t\t\t\t\t<header class=\"elementor-section elementor-top-section elementor-element elementor-element-241c39a sticky-nav elementor-section-boxed elementor-section-height-default elementor-section-height-default\" data-id=\"241c39a\" data-element_type=\"section\">\n\t\t\t\t\t\t<div class=\"elementor-container elementor-column-gap-default\">\n\t\t\t\t\t<div class=\"elementor-column elementor-col-33 elementor-top-column elementor-element elementor-element-4f050d3\" data-id=\"4f050d3\" data-element_type=\"column\">\n\t\t\t<div class=\"elementor-widget-wrap elementor-element-populated\">\n\t\t\t\t\t\t\t\t<div class=\"elementor-element elementor-element-fbc9be3 logo-site elementor-widget elementor-widget-heading\" data-id=\"fbc9be3\" data-element_type=\"widget\" data-widget_type=\"heading.default\">\n\t\t\t\t<div class=\"elementor-widget-container\">\n\t\t\t<h4 class=\"elementor-heading-title elementor-size-medium\">Praxis Dr. medic. (R) MARINA Kirsch<\/h4>\t\t<\/div>\n\t\t\t\t<\/div>\n\t\t\t\t\t<\/div>\n\t\t<\/div>\n\t\t\t\t<div class=\"elementor-column elementor-col-66 elementor-top-column elementor-element elementor-element-b97a4e6\" data-id=\"b97a4e6\" data-element_type=\"column\">\n\t\t\t<div class=\"elementor-widget-wrap elementor-element-populated\">\n\t\t\t\t\t\t\t\t<div class=\"elementor-element elementor-element-f5dadd1 hfe-nav-menu__align-right hfe-link-redirect-self_link hfe-submenu-icon-arrow hfe-submenu-animation-none hfe-nav-menu__breakpoint-tablet elementor-widget elementor-widget-navigation-menu\" data-id=\"f5dadd1\" data-element_type=\"widget\" data-widget_type=\"navigation-menu.default\">\n\t\t\t\t<div class=\"elementor-widget-container\">\n\t\t\t\t\t\t<div class=\"hfe-nav-menu hfe-layout-horizontal hfe-nav-menu-layout horizontal hfe-pointer__underline hfe-animation__fade\" data-layout=\"horizontal\">\n\t\t\t\t<div class=\"hfe-nav-menu__toggle elementor-clickable\">\n\t\t\t\t\t<div class=\"hfe-nav-menu-icon\">\n\t\t\t\t\t\t<i aria-hidden=\"true\" tabindex=\"0\" class=\"fas fa-align-right\"><\/i>\t\t\t\t\t<\/div>\n\t\t\t\t<\/div>\n\t\t\t\t<nav class=\"hfe-nav-menu__layout-horizontal hfe-nav-menu__submenu-arrow\" data-toggle-icon=\"&lt;i aria-hidden=&quot;true&quot; tabindex=&quot;0&quot; class=&quot;fas fa-align-right&quot;&gt;&lt;\/i&gt;\" data-close-icon=\"&lt;i aria-hidden=&quot;true&quot; tabindex=&quot;0&quot; class=&quot;far fa-window-close&quot;&gt;&lt;\/i&gt;\" data-full-width=\"yes\"><ul id=\"menu-1-f5dadd1\" class=\"hfe-nav-menu\"><li id=\"menu-item-380\" class=\"menu-item menu-item-type-post_type menu-item-object-page menu-item-home parent hfe-creative-menu\"><a href=\"https:\/\/praxis-marina-kirsch.de\/\" class = \"hfe-menu-item\">Home<\/a><\/li>\n<li id=\"menu-item-1761\" class=\"menu-item menu-item-type-post_type menu-item-object-page parent hfe-creative-menu\"><a href=\"https:\/\/praxis-marina-kirsch.de\/?page_id=400\" class = \"hfe-menu-item\">Aktuell<\/a><\/li>\n<li id=\"menu-item-377\" class=\"menu-item menu-item-type-post_type menu-item-object-page parent hfe-creative-menu\"><a href=\"https:\/\/praxis-marina-kirsch.de\/?page_id=364\" class = \"hfe-menu-item\">Patienteninfo<\/a><\/li>\n<li id=\"menu-item-379\" class=\"menu-item menu-item-type-post_type menu-item-object-page parent hfe-creative-menu\"><a href=\"https:\/\/praxis-marina-kirsch.de\/?page_id=372\" class = \"hfe-menu-item\">Termine<\/a><\/li>\n<li id=\"menu-item-817\" class=\"menu-item menu-item-type-post_type menu-item-object-page parent hfe-creative-menu\"><a href=\"https:\/\/praxis-marina-kirsch.de\/?page_id=396\" class = \"hfe-menu-item\">Praxis<\/a><\/li>\n<li id=\"menu-item-809\" class=\"menu-item menu-item-type-post_type menu-item-object-page parent hfe-creative-menu\"><a href=\"https:\/\/praxis-marina-kirsch.de\/?page_id=504\" class = \"hfe-menu-item\">Kontakt<\/a><\/li>\n<\/ul><\/nav>              \n\t\t\t<\/div>\n\t\t\t\t\t<\/div>\n\t\t\t\t<\/div>\n\t\t\t\t\t<\/div>\n\t\t<\/div>\n\t\t\t\t\t\t\t<\/div>\n\t\t<\/header>\n\t\t\t\t<section class=\"elementor-section elementor-top-section elementor-element elementor-element-c153c5f elementor-section-boxed elementor-section-height-default elementor-section-height-default\" data-id=\"c153c5f\" data-element_type=\"section\">\n\t\t\t\t\t\t<div class=\"elementor-container elementor-column-gap-default\">\n\t\t\t\t\t<div class=\"elementor-column elementor-col-100 elementor-top-column elementor-element elementor-element-e174608\" data-id=\"e174608\" data-element_type=\"column\">\n\t\t\t<div class=\"elementor-widget-wrap\">\n\t\t\t\t\t\t\t\t\t<\/div>\n\t\t<\/div>\n\t\t\t\t\t\t\t<\/div>\n\t\t<\/section>\n\t\t\t\t<section class=\"elementor-section elementor-top-section elementor-element elementor-element-b35d8fc elementor-section-boxed elementor-section-height-default elementor-section-height-default\" data-id=\"b35d8fc\" data-element_type=\"section\">\n\t\t\t\t\t\t<div class=\"elementor-container elementor-column-gap-default\">\n\t\t\t\t\t<div class=\"elementor-column elementor-col-50 elementor-top-column elementor-element elementor-element-c0aff0d\" data-id=\"c0aff0d\" data-element_type=\"column\">\n\t\t\t<div class=\"elementor-widget-wrap elementor-element-populated\">\n\t\t\t\t\t\t\t\t<div class=\"elementor-element elementor-element-26b40d8 elementor-widget elementor-widget-image\" data-id=\"26b40d8\" data-element_type=\"widget\" data-widget_type=\"image.default\">\n\t\t\t\t<div class=\"elementor-widget-container\">\n\t\t\t\t\t\t\t\t\t\t\t\t\t\t\t<img loading=\"lazy\" decoding=\"async\" width=\"327\" height=\"378\" src=\"https:\/\/praxis-marina-kirsch.de\/wp-content\/uploads\/2021\/12\/privat.png\" class=\"attachment-full size-full\" alt=\"\" srcset=\"https:\/\/praxis-marina-kirsch.de\/wp-content\/uploads\/2021\/12\/privat.png 327w, https:\/\/praxis-marina-kirsch.de\/wp-content\/uploads\/2021\/12\/privat-260x300.png 260w\" sizes=\"auto, (max-width: 327px) 100vw, 327px\" \/>\t\t\t\t\t\t\t\t\t\t\t\t\t\t\t<\/div>\n\t\t\t\t<\/div>\n\t\t\t\t\t<\/div>\n\t\t<\/div>\n\t\t\t\t<div class=\"elementor-column elementor-col-50 elementor-top-column elementor-element elementor-element-16ed44e\" data-id=\"16ed44e\" data-element_type=\"column\">\n\t\t\t<div class=\"elementor-widget-wrap elementor-element-populated\">\n\t\t\t\t\t\t\t\t<div class=\"elementor-element elementor-element-3b91af3 elementor-widget elementor-widget-heading\" data-id=\"3b91af3\" data-element_type=\"widget\" data-widget_type=\"heading.default\">\n\t\t\t\t<div class=\"elementor-widget-container\">\n\t\t\t<h2 class=\"elementor-heading-title elementor-size-default\"><strong>Private Leistungen<\/strong><\/h2>\t\t<\/div>\n\t\t\t\t<\/div>\n\t\t\t\t<div class=\"elementor-element elementor-element-0e93383 elementor-widget elementor-widget-text-editor\" data-id=\"0e93383\" data-element_type=\"widget\" data-widget_type=\"text-editor.default\">\n\t\t\t\t<div class=\"elementor-widget-container\">\n\t\t\t\t\t\t\t<p>In unserer Praxis werden einige Leistungen, die in der Regel nicht von gesetzlichen Krankenkassen \u00fcbernommen werden, als Selbstzahlerleistungen angeboten.<\/p>\n<p>Dazu geh\u00f6ren:<\/p>\n<p><!-- wp:paragraph --><!-- \/wp:paragraph -->\n\n<!-- wp:paragraph --><!-- \/wp:paragraph -->\n\n<!-- wp:paragraph --><!-- \/wp:paragraph --><\/p>\n<p>&#8211; Einige Laboruntersuchungen<br \/>&#8211; Sporttauglichkeit<br>\n&#8211; Tauchtauglichkeit<br \/>&#8211; Untersuchung LKW-F\u00fchrerschein Tauglichkeit<br \/>&#8211; Reiseimpfungen<br \/>&#8211; Verschiedene Atteste<br \/>&#8211; Aufbaukuren<br \/>&#8211; Eigenblutbehandlung<br \/>&#8211; Darmfloraanalyse<br \/>&#8211; Lebensmittelallergien<\/p>\t\t\t\t\t\t<\/div>\n\t\t\t\t<\/div>\n\t\t\t\t\t<\/div>\n\t\t<\/div>\n\t\t\t\t\t\t\t<\/div>\n\t\t<\/section>\n\t\t\t\t<section class=\"elementor-section elementor-top-section elementor-element elementor-element-aee28d4 elementor-section-boxed elementor-section-height-default elementor-section-height-default\" data-id=\"aee28d4\" data-element_type=\"section\" data-settings=\"{&quot;background_background&quot;:&quot;classic&quot;}\">\n\t\t\t\t\t\t<div class=\"elementor-container elementor-column-gap-default\">\n\t\t\t\t\t<div class=\"elementor-column elementor-col-33 elementor-top-column elementor-element elementor-element-c35e4dc\" data-id=\"c35e4dc\" data-element_type=\"column\">\n\t\t\t<div class=\"elementor-widget-wrap elementor-element-populated\">\n\t\t\t\t\t\t\t\t<div class=\"elementor-element elementor-element-25e2e89 elementor-widget elementor-widget-html\" data-id=\"25e2e89\" data-element_type=\"widget\" data-widget_type=\"html.default\">\n\t\t\t\t<div class=\"elementor-widget-container\">\n\t\t\t<div>\n    <span>Praxis Dr. Marina Kirsch\n    <br\/><br>\n    H\u00fcngersbergstr. 1<br\/>\n    66578 Schiffweiler <br\/>\n    <a href=\"mailto:info@praxis-marina-kirsch.de\">info@praxis-marina-kirsch.de<\/a>\n    <\/span>\n<\/div>\t\t<\/div>\n\t\t\t\t<\/div>\n\t\t\t\t\t<\/div>\n\t\t<\/div>\n\t\t\t\t<div class=\"elementor-column elementor-col-33 elementor-top-column elementor-element elementor-element-a6eba88\" data-id=\"a6eba88\" data-element_type=\"column\">\n\t\t\t<div class=\"elementor-widget-wrap elementor-element-populated\">\n\t\t\t\t\t\t\t\t<div class=\"elementor-element elementor-element-4b723b9 elementor-widget elementor-widget-html\" data-id=\"4b723b9\" data-element_type=\"widget\" data-widget_type=\"html.default\">\n\t\t\t\t<div class=\"elementor-widget-container\">\n\t\t\t<div>  \n    <div>\n        <span>\n        Telefon\n        <\/span>\n        <h5 class=\"text-green-praxis\">0 6821  6120<\/h5>\n    <\/div>\n    <div class=\"mt-4\">\n        <span>\n        Fax\n        <\/span>\n        <h5 class=\"text-green-praxis\">06821 64075<\/h5>\n    <\/div>\n<\/div>  \t\t<\/div>\n\t\t\t\t<\/div>\n\t\t\t\t\t<\/div>\n\t\t<\/div>\n\t\t\t\t<div class=\"elementor-column elementor-col-33 elementor-top-column elementor-element elementor-element-2886158\" data-id=\"2886158\" data-element_type=\"column\">\n\t\t\t<div class=\"elementor-widget-wrap elementor-element-populated\">\n\t\t\t\t\t\t\t\t<div class=\"elementor-element elementor-element-a6136d8 elementor-widget elementor-widget-html\" data-id=\"a6136d8\" data-element_type=\"widget\" data-widget_type=\"html.default\">\n\t\t\t\t<div class=\"elementor-widget-container\">\n\t\t\t<div>  \n    <div>\n        <span>\n        Sprechzeiten \n        <\/span>\n    <\/div>\n    <div class=\"row\">\n        <div class=\"col-4\">\n            Montag\n        <\/div>\n        <div class=\"col-8\">\n            8 \u2013 12 Uhr, 15.30 \u2013 18 Uhr\n        <\/div>\n    <\/div>\n    <div class=\"row\">\n        <div class=\"col-4\">\n            Dienstag\n        <\/div>\n        <div class=\"col-8\">\n            8 \u2013 12 Uhr, 15.30 \u2013 18 Uhr\n        <\/div>\n    <\/div>\n    <div class=\"row\">\n        <div class=\"col-4\">\n            Mittwoch\n        <\/div>\n        <div class=\"col-8\">\n            8 \u2013 12 Uhr\n        <\/div>\n    <\/div>\n    <div class=\"row\">\n        <div class=\"col-4\">\n            Donnerstag\n        <\/div>\n        <div class=\"col-8\">\n            8 \u2013 12 Uhr, 15.30 \u2013 18 Uhr\n        <\/div>\n    <\/div>\n    <div class=\"row\">\n        <div class=\"col-4\">\n            Freitag\n        <\/div>\n        <div class=\"col-8\">\n            8 \u2013 13 Uhr\n        <\/div>\n    <\/div>\n    \n<\/div>  \t\t<\/div>\n\t\t\t\t<\/div>\n\t\t\t\t\t<\/div>\n\t\t<\/div>\n\t\t\t\t\t\t\t<\/div>\n\t\t<\/section>\n\t\t\t\t<section class=\"elementor-section elementor-top-section elementor-element elementor-element-706c8d2 elementor-section-boxed elementor-section-height-default elementor-section-height-default\" data-id=\"706c8d2\" data-element_type=\"section\" data-settings=\"{&quot;background_background&quot;:&quot;classic&quot;}\">\n\t\t\t\t\t\t\t<div class=\"elementor-background-overlay\"><\/div>\n\t\t\t\t\t\t\t<div class=\"elementor-container elementor-column-gap-default\">\n\t\t\t\t\t<div class=\"elementor-column elementor-col-33 elementor-top-column elementor-element elementor-element-a1ff06c\" data-id=\"a1ff06c\" data-element_type=\"column\">\n\t\t\t<div class=\"elementor-widget-wrap elementor-element-populated\">\n\t\t\t\t\t\t\t\t<div class=\"elementor-element elementor-element-ade520f impressum elementor-align-left elementor-mobile-align-left elementor-widget elementor-widget-button\" data-id=\"ade520f\" data-element_type=\"widget\" data-widget_type=\"button.default\">\n\t\t\t\t<div class=\"elementor-widget-container\">\n\t\t\t\t\t<div class=\"elementor-button-wrapper\">\n\t\t\t<a href=\"http:\/\/[sg_popup%20id=406]\" sg_popup=\"\" class=\"elementor-button-link elementor-button elementor-size-md\" role=\"button\" id=\"impressum\">\n\t\t\t\t\t\t<span class=\"elementor-button-content-wrapper\">\n\t\t\t\t\t\t<span class=\"elementor-button-text\">Impressum<\/span>\n\t\t<\/span>\n\t\t\t\t\t<\/a>\n\t\t<\/div>\n\t\t\t\t<\/div>\n\t\t\t\t<\/div>\n\t\t\t\t\t<\/div>\n\t\t<\/div>\n\t\t\t\t<div class=\"elementor-column elementor-col-33 elementor-top-column elementor-element elementor-element-b6e2a37\" data-id=\"b6e2a37\" data-element_type=\"column\">\n\t\t\t<div class=\"elementor-widget-wrap elementor-element-populated\">\n\t\t\t\t\t\t\t\t<div class=\"elementor-element elementor-element-1af4120 datenschutz elementor-mobile-align-left elementor-widget elementor-widget-button\" data-id=\"1af4120\" data-element_type=\"widget\" data-widget_type=\"button.default\">\n\t\t\t\t<div class=\"elementor-widget-container\">\n\t\t\t\t\t<div class=\"elementor-button-wrapper\">\n\t\t\t<a href=\"http:\/\/[sg_popup%20id=440]\" sg_popup=\"\" class=\"elementor-button-link elementor-button elementor-size-md\" role=\"button\" id=\"datenschutz\">\n\t\t\t\t\t\t<span class=\"elementor-button-content-wrapper\">\n\t\t\t\t\t\t<span class=\"elementor-button-text\">Datenschutz<\/span>\n\t\t<\/span>\n\t\t\t\t\t<\/a>\n\t\t<\/div>\n\t\t\t\t<\/div>\n\t\t\t\t<\/div>\n\t\t\t\t\t<\/div>\n\t\t<\/div>\n\t\t\t\t<div class=\"elementor-column elementor-col-33 elementor-top-column elementor-element elementor-element-e935248\" data-id=\"e935248\" data-element_type=\"column\">\n\t\t\t<div class=\"elementor-widget-wrap\">\n\t\t\t\t\t\t\t\t\t<\/div>\n\t\t<\/div>\n\t\t\t\t\t\t\t<\/div>\n\t\t<\/section>\n\t\t\t\t\t\t<\/div>\n\t\t\t\t\t<\/div>\n\t\t","protected":false},"excerpt":{"rendered":"<p>Praxis Dr. medic. (R) MARINA Kirsch Home Aktuell Patienteninfo Termine Praxis Kontakt Private Leistungen In unserer Praxis werden einige Leistungen, die in der Regel nicht von gesetzlichen Krankenkassen \u00fcbernommen werden, als Selbstzahlerleistungen angeboten. Dazu geh\u00f6ren: &#8211; Einige Laboruntersuchungen&#8211; Sporttauglichkeit &#8211; Tauchtauglichkeit&#8211; Untersuchung LKW-F\u00fchrerschein Tauglichkeit&#8211; Reiseimpfungen&#8211; Verschiedene Atteste&#8211; Aufbaukuren&#8211; Eigenblutbehandlung&#8211; Darmfloraanalyse&#8211; Lebensmittelallergien Praxis Dr. Marina Kirsch<a class=\"more-link\" href=\"https:\/\/praxis-marina-kirsch.de\/?page_id=2450\">Continue reading <span class=\"screen-reader-text\">&#8220;Private Leistungen&#8221;<\/span><\/a><\/p>\n","protected":false},"author":5,"featured_media":0,"parent":0,"menu_order":0,"comment_status":"closed","ping_status":"closed","template":"elementor_header_footer","meta":{"om_disable_all_campaigns":false,"_mi_skip_tracking":false,"footnotes":""},"class_list":["post-2450","page","type-page","status-publish","hentry","entry"],"aioseo_notices":[],"_links":{"self":[{"href":"https:\/\/praxis-marina-kirsch.de\/index.php?rest_route=\/wp\/v2\/pages\/2450","targetHints":{"allow":["GET"]}}],"collection":[{"href":"https:\/\/praxis-marina-kirsch.de\/index.php?rest_route=\/wp\/v2\/pages"}],"about":[{"href":"https:\/\/praxis-marina-kirsch.de\/index.php?rest_route=\/wp\/v2\/types\/page"}],"author":[{"embeddable":true,"href":"https:\/\/praxis-marina-kirsch.de\/index.php?rest_route=\/wp\/v2\/users\/5"}],"replies":[{"embeddable":true,"href":"https:\/\/praxis-marina-kirsch.de\/index.php?rest_route=%2Fwp%2Fv2%2Fcomments&post=2450"}],"version-history":[{"count":13,"href":"https:\/\/praxis-marina-kirsch.de\/index.php?rest_route=\/wp\/v2\/pages\/2450\/revisions"}],"predecessor-version":[{"id":2872,"href":"https:\/\/praxis-marina-kirsch.de\/index.php?rest_route=\/wp\/v2\/pages\/2450\/revisions\/2872"}],"wp:attachment":[{"href":"https:\/\/praxis-marina-kirsch.de\/index.php?rest_route=%2Fwp%2Fv2%2Fmedia&parent=2450"}],"curies":[{"name":"wp","href":"https:\/\/api.w.org\/{rel}","templated":true}]}}