{"id":504,"date":"2021-10-05T11:55:32","date_gmt":"2021-10-05T11:55:32","guid":{"rendered":"http:\/\/praxis-marina-kirsch.de\/?page_id=504"},"modified":"2026-02-13T13:08:20","modified_gmt":"2026-02-13T13:08:20","slug":"kontakt","status":"publish","type":"page","link":"https:\/\/praxis-marina-kirsch.de\/?page_id=504","title":{"rendered":"Kontakt"},"content":{"rendered":"\t\t<div data-elementor-type=\"wp-page\" data-elementor-id=\"504\" class=\"elementor elementor-504\" data-elementor-settings=\"[]\">\n\t\t\t\t\t\t\t<div class=\"elementor-section-wrap\">\n\t\t\t\t\t\t\t<header class=\"elementor-section elementor-top-section elementor-element elementor-element-9dfd3db sticky-nav elementor-section-boxed elementor-section-height-default elementor-section-height-default\" data-id=\"9dfd3db\" data-element_type=\"section\">\n\t\t\t\t\t\t<div class=\"elementor-container elementor-column-gap-default\">\n\t\t\t\t\t<div class=\"elementor-column elementor-col-33 elementor-top-column elementor-element elementor-element-6558fdc\" data-id=\"6558fdc\" data-element_type=\"column\">\n\t\t\t<div class=\"elementor-widget-wrap elementor-element-populated\">\n\t\t\t\t\t\t\t\t<div class=\"elementor-element elementor-element-4639557 logo-site elementor-widget elementor-widget-heading\" data-id=\"4639557\" data-element_type=\"widget\" data-widget_type=\"heading.default\">\n\t\t\t\t<div class=\"elementor-widget-container\">\n\t\t\t<h4 class=\"elementor-heading-title elementor-size-medium\">HAUSARZTPRAXIS\nDR. MEDIC.  MARINA KIRSCH\n<\/h4>\t\t<\/div>\n\t\t\t\t<\/div>\n\t\t\t\t\t<\/div>\n\t\t<\/div>\n\t\t\t\t<div class=\"elementor-column elementor-col-66 elementor-top-column elementor-element elementor-element-daecb3f\" data-id=\"daecb3f\" data-element_type=\"column\">\n\t\t\t<div class=\"elementor-widget-wrap elementor-element-populated\">\n\t\t\t\t\t\t\t\t<div class=\"elementor-element elementor-element-54f8699 hfe-nav-menu__align-right hfe-submenu-icon-arrow hfe-submenu-animation-none hfe-link-redirect-child hfe-nav-menu__breakpoint-tablet elementor-widget elementor-widget-navigation-menu\" data-id=\"54f8699\" data-element_type=\"widget\" data-widget_type=\"navigation-menu.default\">\n\t\t\t\t<div class=\"elementor-widget-container\">\n\t\t\t\t\t\t<div class=\"hfe-nav-menu hfe-layout-horizontal hfe-nav-menu-layout horizontal hfe-pointer__underline hfe-animation__fade\" data-layout=\"horizontal\">\n\t\t\t\t<div class=\"hfe-nav-menu__toggle elementor-clickable\">\n\t\t\t\t\t<div class=\"hfe-nav-menu-icon\">\n\t\t\t\t\t\t<i aria-hidden=\"true\" tabindex=\"0\" class=\"fas fa-align-right\"><\/i>\t\t\t\t\t<\/div>\n\t\t\t\t<\/div>\n\t\t\t\t<nav class=\"hfe-nav-menu__layout-horizontal hfe-nav-menu__submenu-arrow\" data-toggle-icon=\"&lt;i aria-hidden=&quot;true&quot; tabindex=&quot;0&quot; class=&quot;fas fa-align-right&quot;&gt;&lt;\/i&gt;\" data-close-icon=\"&lt;i aria-hidden=&quot;true&quot; tabindex=&quot;0&quot; class=&quot;far fa-window-close&quot;&gt;&lt;\/i&gt;\" data-full-width=\"yes\"><ul id=\"menu-1-54f8699\" class=\"hfe-nav-menu\"><li id=\"menu-item-380\" class=\"menu-item menu-item-type-post_type menu-item-object-page menu-item-home parent hfe-creative-menu\"><a href=\"https:\/\/praxis-marina-kirsch.de\/\" class = \"hfe-menu-item\">Home<\/a><\/li>\n<li id=\"menu-item-1761\" class=\"menu-item menu-item-type-post_type menu-item-object-page parent hfe-creative-menu\"><a href=\"https:\/\/praxis-marina-kirsch.de\/?page_id=400\" class = \"hfe-menu-item\">Aktuell<\/a><\/li>\n<li id=\"menu-item-377\" class=\"menu-item menu-item-type-post_type menu-item-object-page parent hfe-creative-menu\"><a href=\"https:\/\/praxis-marina-kirsch.de\/?page_id=364\" class = \"hfe-menu-item\">Patienteninfo<\/a><\/li>\n<li id=\"menu-item-379\" class=\"menu-item menu-item-type-post_type menu-item-object-page parent hfe-creative-menu\"><a href=\"https:\/\/praxis-marina-kirsch.de\/?page_id=372\" class = \"hfe-menu-item\">Termine<\/a><\/li>\n<li id=\"menu-item-817\" class=\"menu-item menu-item-type-post_type menu-item-object-page parent hfe-creative-menu\"><a href=\"https:\/\/praxis-marina-kirsch.de\/?page_id=396\" class = \"hfe-menu-item\">Praxis<\/a><\/li>\n<li id=\"menu-item-809\" class=\"menu-item menu-item-type-post_type menu-item-object-page parent hfe-creative-menu\"><a href=\"https:\/\/praxis-marina-kirsch.de\/?page_id=504\" class = \"hfe-menu-item\">Kontakt<\/a><\/li>\n<\/ul><\/nav>              \n\t\t\t<\/div>\n\t\t\t\t\t<\/div>\n\t\t\t\t<\/div>\n\t\t\t\t\t<\/div>\n\t\t<\/div>\n\t\t\t\t\t\t\t<\/div>\n\t\t<\/header>\n\t\t\t\t<section class=\"elementor-section elementor-top-section elementor-element elementor-element-2e279a1 elementor-section-height-min-height elementor-section-content-middle elementor-section-boxed elementor-section-height-default elementor-section-items-middle\" data-id=\"2e279a1\" data-element_type=\"section\" data-settings=\"{&quot;background_background&quot;:&quot;slideshow&quot;,&quot;background_slideshow_gallery&quot;:[{&quot;id&quot;:2273,&quot;url&quot;:&quot;https:\\\/\\\/praxis-marina-kirsch.de\\\/wp-content\\\/uploads\\\/2021\\\/10\\\/1-scaled.jpg&quot;},{&quot;id&quot;:2274,&quot;url&quot;:&quot;https:\\\/\\\/praxis-marina-kirsch.de\\\/wp-content\\\/uploads\\\/2021\\\/10\\\/5-1-scaled.jpg&quot;},{&quot;id&quot;:2275,&quot;url&quot;:&quot;https:\\\/\\\/praxis-marina-kirsch.de\\\/wp-content\\\/uploads\\\/2021\\\/10\\\/11-1-scaled.jpg&quot;},{&quot;id&quot;:2276,&quot;url&quot;:&quot;https:\\\/\\\/praxis-marina-kirsch.de\\\/wp-content\\\/uploads\\\/2021\\\/10\\\/13-scaled.jpg&quot;},{&quot;id&quot;:2270,&quot;url&quot;:&quot;https:\\\/\\\/praxis-marina-kirsch.de\\\/wp-content\\\/uploads\\\/2021\\\/10\\\/16-1-scaled.jpg&quot;},{&quot;id&quot;:2271,&quot;url&quot;:&quot;https:\\\/\\\/praxis-marina-kirsch.de\\\/wp-content\\\/uploads\\\/2021\\\/10\\\/17-scaled.jpg&quot;},{&quot;id&quot;:2272,&quot;url&quot;:&quot;https:\\\/\\\/praxis-marina-kirsch.de\\\/wp-content\\\/uploads\\\/2021\\\/10\\\/46-scaled.jpg&quot;}],&quot;background_slideshow_slide_transition&quot;:&quot;slide_left&quot;,&quot;background_slideshow_ken_burns&quot;:&quot;yes&quot;,&quot;background_slideshow_loop&quot;:&quot;yes&quot;,&quot;background_slideshow_slide_duration&quot;:5000,&quot;background_slideshow_transition_duration&quot;:500,&quot;background_slideshow_ken_burns_zoom_direction&quot;:&quot;in&quot;}\">\n\t\t\t\t\t\t<div class=\"elementor-container elementor-column-gap-no\">\n\t\t\t\t\t<div class=\"elementor-column elementor-col-100 elementor-top-column elementor-element elementor-element-15e30af\" data-id=\"15e30af\" data-element_type=\"column\">\n\t\t\t<div class=\"elementor-widget-wrap\">\n\t\t\t\t\t\t\t\t\t<\/div>\n\t\t<\/div>\n\t\t\t\t\t\t\t<\/div>\n\t\t<\/section>\n\t\t\t\t<section class=\"elementor-section elementor-top-section elementor-element elementor-element-83ef8b6 elementor-section-boxed elementor-section-height-default elementor-section-height-default\" data-id=\"83ef8b6\" data-element_type=\"section\">\n\t\t\t\t\t\t<div class=\"elementor-container elementor-column-gap-default\">\n\t\t\t\t\t<div class=\"elementor-column elementor-col-100 elementor-top-column elementor-element elementor-element-975b524\" data-id=\"975b524\" data-element_type=\"column\">\n\t\t\t<div class=\"elementor-widget-wrap elementor-element-populated\">\n\t\t\t\t\t\t\t\t<div class=\"elementor-element elementor-element-f3b63fc elementor-widget elementor-widget-spacer\" data-id=\"f3b63fc\" data-element_type=\"widget\" data-widget_type=\"spacer.default\">\n\t\t\t\t<div class=\"elementor-widget-container\">\n\t\t\t\t\t<div class=\"elementor-spacer\">\n\t\t\t<div class=\"elementor-spacer-inner\"><\/div>\n\t\t<\/div>\n\t\t\t\t<\/div>\n\t\t\t\t<\/div>\n\t\t\t\t\t<\/div>\n\t\t<\/div>\n\t\t\t\t\t\t\t<\/div>\n\t\t<\/section>\n\t\t\t\t<section class=\"elementor-section elementor-top-section elementor-element elementor-element-fa65576 elementor-section-boxed elementor-section-height-default elementor-section-height-default\" data-id=\"fa65576\" data-element_type=\"section\">\n\t\t\t\t\t\t<div class=\"elementor-container elementor-column-gap-default\">\n\t\t\t\t\t<div class=\"elementor-column elementor-col-50 elementor-top-column elementor-element elementor-element-38601b6\" data-id=\"38601b6\" data-element_type=\"column\">\n\t\t\t<div class=\"elementor-widget-wrap elementor-element-populated\">\n\t\t\t\t\t\t\t\t<div class=\"elementor-element elementor-element-d5118b0 elementor-widget elementor-widget-heading\" data-id=\"d5118b0\" data-element_type=\"widget\" data-widget_type=\"heading.default\">\n\t\t\t\t<div class=\"elementor-widget-container\">\n\t\t\t<h3 class=\"elementor-heading-title elementor-size-default\">Sprechzeiten<\/h3>\t\t<\/div>\n\t\t\t\t<\/div>\n\t\t\t\t<section class=\"elementor-section elementor-inner-section elementor-element elementor-element-436d5af elementor-section-boxed elementor-section-height-default elementor-section-height-default\" data-id=\"436d5af\" data-element_type=\"section\">\n\t\t\t\t\t\t<div class=\"elementor-container elementor-column-gap-default\">\n\t\t\t\t\t<div class=\"elementor-column elementor-col-50 elementor-inner-column elementor-element elementor-element-097fe7a\" data-id=\"097fe7a\" data-element_type=\"column\">\n\t\t\t<div class=\"elementor-widget-wrap elementor-element-populated\">\n\t\t\t\t\t\t\t\t<div class=\"elementor-element elementor-element-18229a8 elementor-widget elementor-widget-wp-widget-text\" data-id=\"18229a8\" data-element_type=\"widget\" data-widget_type=\"wp-widget-text.default\">\n\t\t\t\t<div class=\"elementor-widget-container\">\n\t\t\t\t\t\t<div class=\"textwidget\"><p>Montag<br \/>\nDienstag<br \/>\nMittwoch<br \/>\nDonnerstag<br \/>\nFreitag<\/p>\n<\/div>\n\t\t\t\t<\/div>\n\t\t\t\t<\/div>\n\t\t\t\t\t<\/div>\n\t\t<\/div>\n\t\t\t\t<div class=\"elementor-column elementor-col-50 elementor-inner-column elementor-element elementor-element-5784243\" data-id=\"5784243\" data-element_type=\"column\">\n\t\t\t<div class=\"elementor-widget-wrap elementor-element-populated\">\n\t\t\t\t\t\t\t\t<div class=\"elementor-element elementor-element-5dacd8c elementor-widget elementor-widget-wp-widget-text\" data-id=\"5dacd8c\" data-element_type=\"widget\" data-widget_type=\"wp-widget-text.default\">\n\t\t\t\t<div class=\"elementor-widget-container\">\n\t\t\t\t\t\t<div class=\"textwidget\"><p>7.30 \u2013 13 Uhr,<br \/>\n8 \u2013 12 Uhr\u00a0 \u00a0 \u00a0 \u00a0 15.30 \u2013 18 Uhr<br \/>\n7.30 \u2013 12 Uhr<br \/>\n8 \u2013 12 Uhr\u00a0 \u00a0 \u00a0 \u00a0 15.30 \u2013 18 Uhr<br \/>\n7.30 \u2013 13 Uhr<\/p>\n<\/div>\n\t\t\t\t<\/div>\n\t\t\t\t<\/div>\n\t\t\t\t\t<\/div>\n\t\t<\/div>\n\t\t\t\t\t\t\t<\/div>\n\t\t<\/section>\n\t\t\t\t<div class=\"elementor-element elementor-element-238cb3a eael-contact-form-7-button-align-left eael-contact-form-7-button-custom elementor-widget elementor-widget-eael-contact-form-7\" data-id=\"238cb3a\" data-element_type=\"widget\" data-widget_type=\"eael-contact-form-7.default\">\n\t\t\t\t<div class=\"elementor-widget-container\">\n\t\t\t<div class=\"eael-contact-form-7-wrapper\">\n                <div class=\"eael-contact-form eael-contact-form-7 eael-contact-form-238cb3a placeholder-show eael-contact-form-align-default\"><div role=\"form\" class=\"wpcf7\" id=\"wpcf7-f587-o1\" lang=\"en-US\" dir=\"ltr\">\n<div class=\"screen-reader-response\"><p role=\"status\" aria-live=\"polite\" aria-atomic=\"true\"><\/p> <ul><\/ul><\/div>\n<form action=\"\/index.php?rest_route=%2Fwp%2Fv2%2Fpages%2F504#wpcf7-f587-o1\" method=\"post\" class=\"wpcf7-form init\" novalidate=\"novalidate\" data-status=\"init\">\n<div style=\"display: none;\">\n<input type=\"hidden\" name=\"_wpcf7\" value=\"587\" \/>\n<input type=\"hidden\" name=\"_wpcf7_version\" value=\"5.5.1\" \/>\n<input type=\"hidden\" name=\"_wpcf7_locale\" value=\"en_US\" \/>\n<input type=\"hidden\" name=\"_wpcf7_unit_tag\" value=\"wpcf7-f587-o1\" \/>\n<input type=\"hidden\" name=\"_wpcf7_container_post\" value=\"0\" \/>\n<input type=\"hidden\" name=\"_wpcf7_posted_data_hash\" value=\"\" \/>\n<\/div>\n<p><span class=\"wpcf7-form-control-wrap first-name\"><input type=\"text\" name=\"first-name\" value=\"\" size=\"40\" class=\"wpcf7-form-control wpcf7-text wpcf7-validates-as-required\" aria-required=\"true\" aria-invalid=\"false\" placeholder=\"Vorname*\" \/><\/span> <\/p>\n<p><span class=\"wpcf7-form-control-wrap last-name\"><input type=\"text\" name=\"last-name\" value=\"\" size=\"40\" class=\"wpcf7-form-control wpcf7-text wpcf7-validates-as-required\" aria-required=\"true\" aria-invalid=\"false\" placeholder=\"Nachname*\" \/><\/span> <\/p>\n<p><span class=\"wpcf7-form-control-wrap email\"><input type=\"email\" name=\"email\" value=\"\" size=\"40\" class=\"wpcf7-form-control wpcf7-text wpcf7-email wpcf7-validates-as-required wpcf7-validates-as-email\" aria-required=\"true\" aria-invalid=\"false\" placeholder=\"Email*\" \/><\/span><\/p>\n<p><span class=\"wpcf7-form-control-wrap telephone\"><input type=\"text\" name=\"telephone\" value=\"\" size=\"40\" class=\"wpcf7-form-control wpcf7-text wpcf7-validates-as-required\" aria-required=\"true\" aria-invalid=\"false\" placeholder=\"Telefon*\" \/><\/span> <\/p>\n<p><span class=\"wpcf7-form-control-wrap message\"><textarea name=\"message\" cols=\"40\" rows=\"10\" class=\"wpcf7-form-control wpcf7-textarea\" aria-invalid=\"false\" placeholder=\"Nachricht*\"><\/textarea><\/span> <\/p>\n<p><span class=\"wpcf7-form-control-wrap checkbox-81\"><span class=\"wpcf7-form-control wpcf7-checkbox wpcf7-validates-as-required no-focus\" id=\"datenschutz\"><span class=\"wpcf7-list-item first last\"><label><input type=\"checkbox\" name=\"checkbox-81[]\" value=\"Die Datenschutzhinweise habe ich gelesen und akzeptiere diese.\" \/><span class=\"wpcf7-list-item-label\">Die Datenschutzhinweise habe ich gelesen und akzeptiere diese.<\/span><\/label><\/span><\/span><\/span><\/p>\n<p><input type=\"submit\" value=\"Senden\" class=\"wpcf7-form-control has-spinner wpcf7-submit\" \/><\/p>\n<div class=\"wpcf7-response-output\" aria-hidden=\"true\"><\/div><\/form><\/div><\/div>\n            <\/div>\t\t<\/div>\n\t\t\t\t<\/div>\n\t\t\t\t<div class=\"elementor-element elementor-element-260c16c elementor-widget elementor-widget-text-editor\" data-id=\"260c16c\" data-element_type=\"widget\" data-widget_type=\"text-editor.default\">\n\t\t\t\t<div class=\"elementor-widget-container\">\n\t\t\t\t\t\t\t<p data-renderer-start-pos=\"796\"><strong>WICHTIG!<\/strong> Wenden Sie sich unbedingt telefonisch an uns, wenn Sie akute Beschwerden haben, es Ihnen nicht gut geht oder Sie uns erreichen m\u00fcssen. Bitte haben Sie Verst\u00e4ndnis daf\u00fcr, dass E-Mails und SMS im Praxisbetrieb nur sporadisch gelesen werden k\u00f6nnen.<\/p><p data-renderer-start-pos=\"1052\">Im Notfall wenden Sie sich bitte an die Rettungsleitstelle: 19 222<\/p>\t\t\t\t\t\t<\/div>\n\t\t\t\t<\/div>\n\t\t\t\t\t<\/div>\n\t\t<\/div>\n\t\t\t\t<div class=\"elementor-column elementor-col-50 elementor-top-column elementor-element elementor-element-7c66d17\" data-id=\"7c66d17\" data-element_type=\"column\">\n\t\t\t<div class=\"elementor-widget-wrap elementor-element-populated\">\n\t\t\t\t\t\t\t\t<div class=\"elementor-element elementor-element-d182961 elementor-widget elementor-widget-heading\" data-id=\"d182961\" data-element_type=\"widget\" data-widget_type=\"heading.default\">\n\t\t\t\t<div class=\"elementor-widget-container\">\n\t\t\t<h3 class=\"elementor-heading-title elementor-size-large\">Praxis Dr. medic(R) Marina Kirsch<\/h3>\t\t<\/div>\n\t\t\t\t<\/div>\n\t\t\t\t<div class=\"elementor-element elementor-element-4a376f7 elementor-widget elementor-widget-text-editor\" data-id=\"4a376f7\" data-element_type=\"widget\" data-widget_type=\"text-editor.default\">\n\t\t\t\t<div class=\"elementor-widget-container\">\n\t\t\t\t\t\t\t<p>H\u00fcngersbergstr. 1<br \/>66578 Schiffweiler<\/p><p><a href=\"mailto:info@praxis-marina-kirsch.de\">info@praxis-marina-kirsch.de<\/a><\/p>\t\t\t\t\t\t<\/div>\n\t\t\t\t<\/div>\n\t\t\t\t\t<\/div>\n\t\t<\/div>\n\t\t\t\t\t\t\t<\/div>\n\t\t<\/section>\n\t\t\t\t<section class=\"elementor-section elementor-top-section elementor-element elementor-element-95b8155 elementor-section-boxed elementor-section-height-default elementor-section-height-default\" data-id=\"95b8155\" data-element_type=\"section\" data-settings=\"{&quot;background_background&quot;:&quot;classic&quot;}\">\n\t\t\t\t\t\t<div class=\"elementor-container elementor-column-gap-default\">\n\t\t\t\t\t<div class=\"elementor-column elementor-col-33 elementor-top-column elementor-element elementor-element-aa5a862\" data-id=\"aa5a862\" data-element_type=\"column\">\n\t\t\t<div class=\"elementor-widget-wrap elementor-element-populated\">\n\t\t\t\t\t\t\t\t<div class=\"elementor-element elementor-element-2902382 elementor-widget elementor-widget-html\" data-id=\"2902382\" data-element_type=\"widget\" data-widget_type=\"html.default\">\n\t\t\t\t<div class=\"elementor-widget-container\">\n\t\t\t<div>\n    <span>Praxis<br\/> Dr. medic.(R) Marina Kirsch\n    <br\/>\n    H\u00fcngersbergstr. 1<br\/>\n    66578 Schiffweiler <br\/>\n    <a href=\"mailto:info@praxis-marina-kirsch.de\">info@praxis-marina-kirsch.de<\/a>\n    <\/span>\n<\/div>\t\t<\/div>\n\t\t\t\t<\/div>\n\t\t\t\t\t<\/div>\n\t\t<\/div>\n\t\t\t\t<div class=\"elementor-column elementor-col-33 elementor-top-column elementor-element elementor-element-de16b8b\" data-id=\"de16b8b\" data-element_type=\"column\">\n\t\t\t<div class=\"elementor-widget-wrap elementor-element-populated\">\n\t\t\t\t\t\t\t\t<div class=\"elementor-element elementor-element-74cc150 elementor-widget elementor-widget-html\" data-id=\"74cc150\" data-element_type=\"widget\" data-widget_type=\"html.default\">\n\t\t\t\t<div class=\"elementor-widget-container\">\n\t\t\t<div>  \n    <div>\n        <span>\n        Telefon\n        <\/span>\n        <h5 class=\"text-green-praxis\">06821 6120<\/h5>\n    <\/div>\n    <div class=\"mt-4\">\n        <span>\n        Fax\n        <\/span>\n        <h5 class=\"text-green-praxis\">06821 64075<\/h5>\n    <\/div>\n<\/div>  \t\t<\/div>\n\t\t\t\t<\/div>\n\t\t\t\t\t<\/div>\n\t\t<\/div>\n\t\t\t\t<div class=\"elementor-column elementor-col-33 elementor-top-column elementor-element elementor-element-ae66200\" data-id=\"ae66200\" data-element_type=\"column\">\n\t\t\t<div class=\"elementor-widget-wrap elementor-element-populated\">\n\t\t\t\t\t\t\t\t<div class=\"elementor-element elementor-element-993f768 elementor-widget elementor-widget-html\" data-id=\"993f768\" data-element_type=\"widget\" data-widget_type=\"html.default\">\n\t\t\t\t<div class=\"elementor-widget-container\">\n\t\t\t<div>  \n    <div>\n        <span>\n        Sprechzeiten \n        <\/span>\n    <\/div>\n    <div class=\"row\">\n        <div class=\"col-4\">\n            Montag\n        <\/div>\n        <div class=\"col-8\">\n            7.30\u2013 13 Uhr\n        <\/div>\n    <\/div>\n    <div class=\"row\">\n        <div class=\"col-4\">\n            Dienstag\n        <\/div>\n        <div class=\"col-8\">\n            8 \u2013 12 Uhr, 15.30 \u2013 18 Uhr\n        <\/div>\n    <\/div>\n    <div class=\"row\">\n        <div class=\"col-4\">\n            Mittwoch\n        <\/div>\n        <div class=\"col-8\">\n            7.30\u2013 12 Uhr\n        <\/div>\n    <\/div>\n    <div class=\"row\">\n        <div class=\"col-4\">\n            Donnerstag\n        <\/div>\n        <div class=\"col-8\">\n            8 \u2013 12 Uhr, 15.30 \u2013 18 Uhr\n        <\/div>\n    <\/div>\n    <div class=\"row\">\n        <div class=\"col-4\">\n            Freitag\n        <\/div>\n        <div class=\"col-8\">\n            7.30\u2013 13 Uhr\n        <\/div>\n    <\/div>\n    \n<\/div>  \t\t<\/div>\n\t\t\t\t<\/div>\n\t\t\t\t\t<\/div>\n\t\t<\/div>\n\t\t\t\t\t\t\t<\/div>\n\t\t<\/section>\n\t\t\t\t<section class=\"elementor-section elementor-top-section elementor-element elementor-element-0d663cc elementor-section-boxed elementor-section-height-default elementor-section-height-default\" data-id=\"0d663cc\" data-element_type=\"section\" data-settings=\"{&quot;background_background&quot;:&quot;classic&quot;}\">\n\t\t\t\t\t\t\t<div class=\"elementor-background-overlay\"><\/div>\n\t\t\t\t\t\t\t<div class=\"elementor-container elementor-column-gap-default\">\n\t\t\t\t\t<div class=\"elementor-column elementor-col-33 elementor-top-column elementor-element elementor-element-2615a66\" data-id=\"2615a66\" data-element_type=\"column\">\n\t\t\t<div class=\"elementor-widget-wrap elementor-element-populated\">\n\t\t\t\t\t\t\t\t<div class=\"elementor-element elementor-element-b230953 impressum elementor-align-left elementor-tablet-align-center elementor-mobile-align-left elementor-widget elementor-widget-button\" data-id=\"b230953\" data-element_type=\"widget\" id=\"impressum\" data-widget_type=\"button.default\">\n\t\t\t\t<div class=\"elementor-widget-container\">\n\t\t\t\t\t<div class=\"elementor-button-wrapper\">\n\t\t\t<a href=\"http:\/\/[sg_popup%20id=406]\" sg_popup=\"\" class=\"elementor-button-link elementor-button elementor-size-md\" role=\"button\" id=\"impressum\">\n\t\t\t\t\t\t<span class=\"elementor-button-content-wrapper\">\n\t\t\t\t\t\t<span class=\"elementor-button-text\">Impressum<\/span>\n\t\t<\/span>\n\t\t\t\t\t<\/a>\n\t\t<\/div>\n\t\t\t\t<\/div>\n\t\t\t\t<\/div>\n\t\t\t\t\t<\/div>\n\t\t<\/div>\n\t\t\t\t<div class=\"elementor-column elementor-col-33 elementor-top-column elementor-element elementor-element-39df4d5\" data-id=\"39df4d5\" data-element_type=\"column\">\n\t\t\t<div class=\"elementor-widget-wrap elementor-element-populated\">\n\t\t\t\t\t\t\t\t<div class=\"elementor-element elementor-element-87557e1 datenschutz elementor-tablet-align-center elementor-mobile-align-left elementor-widget elementor-widget-button\" data-id=\"87557e1\" data-element_type=\"widget\" id=\"datenschutz\" data-widget_type=\"button.default\">\n\t\t\t\t<div class=\"elementor-widget-container\">\n\t\t\t\t\t<div class=\"elementor-button-wrapper\">\n\t\t\t<a href=\"http:\/\/[sg_popup%20id=440]\" sg_popup=\"\" class=\"elementor-button-link elementor-button elementor-size-md\" role=\"button\" id=\"datenschutz\">\n\t\t\t\t\t\t<span class=\"elementor-button-content-wrapper\">\n\t\t\t\t\t\t<span class=\"elementor-button-text\">Datenschutz<\/span>\n\t\t<\/span>\n\t\t\t\t\t<\/a>\n\t\t<\/div>\n\t\t\t\t<\/div>\n\t\t\t\t<\/div>\n\t\t\t\t\t<\/div>\n\t\t<\/div>\n\t\t\t\t<div class=\"elementor-column elementor-col-33 elementor-top-column elementor-element elementor-element-586bddc elementor-hidden-tablet elementor-hidden-mobile\" data-id=\"586bddc\" data-element_type=\"column\">\n\t\t\t<div class=\"elementor-widget-wrap\">\n\t\t\t\t\t\t\t\t\t<\/div>\n\t\t<\/div>\n\t\t\t\t\t\t\t<\/div>\n\t\t<\/section>\n\t\t\t\t\t\t<\/div>\n\t\t\t\t\t<\/div>\n\t\t","protected":false},"excerpt":{"rendered":"<p>HAUSARZTPRAXIS DR. MEDIC. MARINA KIRSCH Home Aktuell Patienteninfo Termine Praxis Kontakt Sprechzeiten Die Datenschutzhinweise habe ich gelesen und akzeptiere diese. WICHTIG! Wenden Sie sich unbedingt telefonisch an uns, wenn Sie akute Beschwerden haben, es Ihnen nicht gut geht oder Sie uns erreichen m\u00fcssen. Bitte haben Sie Verst\u00e4ndnis daf\u00fcr, dass E-Mails und SMS im Praxisbetrieb nur<a class=\"more-link\" href=\"https:\/\/praxis-marina-kirsch.de\/?page_id=504\">Continue reading <span class=\"screen-reader-text\">&#8220;Kontakt&#8221;<\/span><\/a><\/p>\n","protected":false},"author":2,"featured_media":0,"parent":0,"menu_order":0,"comment_status":"closed","ping_status":"closed","template":"elementor_header_footer","meta":{"om_disable_all_campaigns":false,"_mi_skip_tracking":false,"footnotes":""},"class_list":["post-504","page","type-page","status-publish","hentry","entry"],"aioseo_notices":[],"_links":{"self":[{"href":"https:\/\/praxis-marina-kirsch.de\/index.php?rest_route=\/wp\/v2\/pages\/504","targetHints":{"allow":["GET"]}}],"collection":[{"href":"https:\/\/praxis-marina-kirsch.de\/index.php?rest_route=\/wp\/v2\/pages"}],"about":[{"href":"https:\/\/praxis-marina-kirsch.de\/index.php?rest_route=\/wp\/v2\/types\/page"}],"author":[{"embeddable":true,"href":"https:\/\/praxis-marina-kirsch.de\/index.php?rest_route=\/wp\/v2\/users\/2"}],"replies":[{"embeddable":true,"href":"https:\/\/praxis-marina-kirsch.de\/index.php?rest_route=%2Fwp%2Fv2%2Fcomments&post=504"}],"version-history":[{"count":271,"href":"https:\/\/praxis-marina-kirsch.de\/index.php?rest_route=\/wp\/v2\/pages\/504\/revisions"}],"predecessor-version":[{"id":4356,"href":"https:\/\/praxis-marina-kirsch.de\/index.php?rest_route=\/wp\/v2\/pages\/504\/revisions\/4356"}],"wp:attachment":[{"href":"https:\/\/praxis-marina-kirsch.de\/index.php?rest_route=%2Fwp%2Fv2%2Fmedia&parent=504"}],"curies":[{"name":"wp","href":"https:\/\/api.w.org\/{rel}","templated":true}]}}